{"id":54074,"date":"2024-10-01T12:00:44","date_gmt":"2024-10-01T10:00:44","guid":{"rendered":"https:\/\/hkn.mindd.dev\/?page_id=54074"},"modified":"2026-01-22T13:49:22","modified_gmt":"2026-01-22T12:49:22","slug":"methode","status":"publish","type":"page","link":"https:\/\/huisartsenspoedposthkn.nl\/deutsch\/methode\/","title":{"rendered":"Methode"},"content":{"rendered":"\n<p>Du kannst nicht einfach beim GP Medical Post vorbeischauen. Die GP Medical Station ist nur f\u00fcr Beschwerden gedacht, die nicht bis zum n\u00e4chsten Werktag warten k\u00f6nnen. Gehen Sie zun\u00e4chst einige Fragen auf dieser Website durch, um zu beurteilen, ob Sie sie kontaktieren sollten, damit Sie am schnellsten die Hilfe erhalten, die Sie ben\u00f6tigen.<br><br>M\u00f6chten Sie mehr wissen? Sehen Sie sich das untenstehende Animationsvideo an und erfahren Sie, wie es in der GP-Notaufnahme funktioniert.<\/p>\n\n\n\n<figure class=\"wp-block-embed is-type-video is-provider-vimeo wp-block-embed-vimeo wp-embed-aspect-16-9 wp-has-aspect-ratio\"><div class=\"wp-block-embed__wrapper\">https:\/\/vimeo.com\/297701124<\/div><\/figure>\n\n\n\n<p><\/p>\n\n\n\n<details class=\"wp-block-details is-layout-flow wp-block-details-is-layout-flow\"><summary><strong>Was habe ich w\u00e4hrend des Telefonats mit der GP Medical Post griffbereit?<\/strong><\/summary>\n<p>Wenn Sie die GP Medical Station anrufen, werden Sie von einem speziell ausgebildeten Mitarbeiter (Triagist) unterst\u00fctzt. Bitte halten Sie folgende Informationen bereit:<\/p>\n\n\n\n<ul class=\"wp-block-list\">\n<li>Geburtsdatum und Name von Ihnen selbst oder der pflegebed\u00fcrftigen Person<\/li>\n\n\n\n<li>Wohnadresse und m\u00f6glicherweise Wohnadresse<\/li>\n\n\n\n<li>Versicherungsdetails<\/li>\n\n\n\n<li>Telefonnummer, die Sie erreichen k\u00f6nnen<\/li>\n<\/ul>\n<\/details>\n\n\n\n<details class=\"wp-block-details is-layout-flow wp-block-details-is-layout-flow\"><summary><strong>Ich rufe f\u00fcr jemand anderen, was jetzt?<\/strong><\/summary>\n<p>Wenn m\u00f6glich, lassen Sie den Patienten selbst die medizinische Station kontaktieren. Ist das nicht m\u00f6glich? Gib dann alle Details der Person an, die Hilfe ben\u00f6tigt. Achten Sie au\u00dferdem darauf, dass Sie beim Anruf in der N\u00e4he des Patienten sind. Dann kannst du die Symptome so gut wie m\u00f6glich beschreiben. Manchmal m\u00f6chte die Triage-Krankenschwester (Arztassistentin oder Krankenschwester) dem Patienten auch selbst ein paar Fragen stellen.<\/p>\n<\/details>\n\n\n\n<details class=\"wp-block-details is-layout-flow wp-block-details-is-layout-flow\"><summary><strong>Wie wird die Dringlichkeit meiner Bitte um Hilfe bestimmt?<\/strong><\/summary>\n<p>Die Triage-Krankenschwester bewertet die Dringlichkeit Ihres Hilfeantrags und welcher Pflegeanbieter Ihnen am besten helfen kann.<\/p>\n\n\n\n<p>W\u00e4hrend dieses Gespr\u00e4chs werden Fragen gestellt, um eine lebensbedrohliche Situation auszuschlie\u00dfen, zum Grund Ihres Kontakts zur medizinischen Station, zur Art der Beschwerden, zu Ihrer Krankengeschichte (falls die Triage-Krankenschwester keinen Zugang zu Ihrer Patientenakte hat) und zu etwaigen Medikamenten, die Sie m\u00f6glicherweise einnehmen.<\/p>\n<\/details>\n\n\n\n<details class=\"wp-block-details is-layout-flow wp-block-details-is-layout-flow\"><summary><strong>Was sind die n\u00e4chsten Schritte nach dem Telefonat?<\/strong><\/summary>\n<p>Je nach Situation kann die Triage-Krankenschwester Ihnen Folgendes anbieten:<\/p>\n\n\n\n<ul class=\"wp-block-list\">\n<li>Anbieten eines Telefontermins beim Hausarzt&nbsp;<\/li>\n\n\n\n<li>Bieten Sie eine Beratung&nbsp;&nbsp;an und ernennen Sie hiermit den Beratungsunterst\u00fctzer f\u00fcr Allgemeinmediziner (SOH)<\/li>\n\n\n\n<li>Ein Besuch anbieten<\/li>\n<\/ul>\n<\/details>\n\n\n\n<details class=\"wp-block-details is-layout-flow wp-block-details-is-layout-flow\"><summary><strong>Was beinhalten die Zulassungen der Nivel-Prim\u00e4rversorgung?<\/strong><\/summary>\n<p>Unsere Notfallstationen der Haus\u00e4rzte nehmen an den Nivel-Prim\u00e4rversorgungsregistrierungen teil und tragen so zur Verbesserung der Gesundheitsversorgung bei. Nivel sammelt Daten aus der Prim\u00e4rversorgung im Auftrag des Ministeriums f\u00fcr Gesundheit, Wohlfahrt und Sport. Nivel hat eine sehr strenge Datenschutzrichtlinie und erh\u00e4lt keine Informationen von uns, die direkt zur Identifizierung von Patienten verwendet werden k\u00f6nnten. Patienten, die es dennoch vorziehen, dass ihre anonymisierten Daten nicht f\u00fcr Forschungszwecke verwendet werden, k\u00f6nnen dies einem Mitarbeiter der medizinischen Station mitteilen. Die betreffenden Daten werden dann nicht mehr von Nivel Primary Care Registrations verwendet. <\/p>\n\n\n\n<p>Weitere Informationen finden Sie auf <a href=\"https:\/\/www.nivel.nl\/nl\/panels-en-registraties\/nivel-zorgregistraties-eerste-lijn\/deelnemen-en-deelnemers\/informatie-voor-patienten-van-deelnemende-zorgverleners\" target=\"_blank\" rel=\"noreferrer noopener\">der Website von Nivel Primary Care Registrations<\/a>.<\/p>\n\n\n\n<p>Im <a href=\"https:\/\/www.nivel.nl\/sites\/default\/files\/content\/Zorgregistratiefolder.pdf\" target=\"_blank\" rel=\"noreferrer noopener\">Informationsblatt<\/a> k\u00f6nnen Sie nachlesen, was der Zweck von Nivel Zorgregistraties ist und was die Teilnahme f\u00fcr Sie als Patient bedeutet.<\/p>\n<\/details>\n\n\n\n<details class=\"wp-block-details is-layout-flow wp-block-details-is-layout-flow\"><summary><strong>Was ist Mitz und warum\/warum gebe ich die Erlaubnis?<\/strong><\/summary>\n<p>Ihr Hausarzt und Ihre Apotheke k\u00f6nnen Ihre medizinischen Daten mit anderen Gesundheitsdienstleistern teilen. Zum Beispiel, wenn ein anderer Arzt oder eine andere Apotheke Ihre medizinischen Daten ben\u00f6tigt, um Ihnen schnell, richtig und sicher zu helfen. Ihre medizinischen Daten werden \u00fcber Mitz geteilt. Aber nur, wenn du die Erlaubnis gibst.<\/p>\n\n\n\n<p>\u00dcber <a href=\"https:\/\/www.mijnmitz.nl\/\">MyMitz<\/a> k\u00f6nnen Sie Ihre Einwilligungsentscheidungen aufzeichnen und angeben, ob Sie die Erlaubnis geben, Ihre medizinischen Daten mit anderen behandelnden Gesundheitsdienstleistern zu teilen. Nur deine Entscheidungen liegen in Mitz, nicht in deinen medizinischen Daten. Mitz ist eine gemeinsame Initiative von Gesundheitsdienstleistern in den Niederlanden und wird vom Ministerium f\u00fcr Gesundheit, Wohlfahrt und Sport unterst\u00fctzt.<\/p>\n\n\n\n<p><a href=\"https:\/\/www.mitz-toestemming.nl\/sites\/default\/files\/2025-06\/FlyerCallToAction_lees.pdf\" target=\"_blank\" rel=\"noreferrer noopener\">Lesen Sie hier die gesamte Brosch\u00fcre<\/a> \u00fcber Mitz. Das untenstehende Video erkl\u00e4rt genau, wie Mitz funktioniert.<\/p>\n<\/details>\n\n\n\n<figure class=\"wp-block-embed is-type-video is-provider-youtube wp-block-embed-youtube wp-embed-aspect-16-9 wp-has-aspect-ratio\"><div class=\"wp-block-embed__wrapper\">https:\/\/www.youtube.com\/watch?v=5O_BrMp6CNQ<\/div><\/figure>\n\n\n\n<p><\/p>\n\n\n\n<p><\/p>\n","protected":false},"excerpt":{"rendered":"<p>Du kannst nicht einfach beim GP Medical Post vorbeischauen. Die GP Medical Station ist nur f\u00fcr Beschwerden gedacht, die nicht bis zum n\u00e4chsten Werktag warten k\u00f6nnen. Gehen Sie zun\u00e4chst einige Fragen auf dieser Website durch, um zu beurteilen, ob Sie sie kontaktieren sollten, damit Sie am schnellsten die Hilfe erhalten, die Sie ben\u00f6tigen. M\u00f6chten Sie [&hellip;]<\/p>\n","protected":false},"author":3,"featured_media":54611,"parent":0,"menu_order":0,"comment_status":"closed","ping_status":"closed","template":"","meta":{"_acf_changed":false,"_trash_the_other_posts":false,"editor_notices":[],"footnotes":""},"class_list":["post-54074","page","type-page","status-publish","has-post-thumbnail","hentry"],"acf":[],"yoast_head":"<!-- This site is optimized with the Yoast SEO plugin v26.6 - https:\/\/yoast.com\/wordpress\/plugins\/seo\/ -->\n<title>Methode - HKN Huisartsenspoedpost - Deutsch<\/title>\n<meta name=\"robots\" content=\"index, follow, max-snippet:-1, max-image-preview:large, max-video-preview:-1\" \/>\n<link rel=\"canonical\" href=\"https:\/\/huisartsenspoedposthkn.nl\/deutsch\/verfahren\/\" \/>\n<meta property=\"og:locale\" content=\"de_DE\" \/>\n<meta property=\"og:type\" content=\"article\" \/>\n<meta property=\"og:title\" content=\"Methode - HKN Huisartsenspoedpost - Deutsch\" \/>\n<meta property=\"og:description\" content=\"Du kannst nicht einfach beim GP Medical Post vorbeischauen. Die GP Medical Station ist nur f\u00fcr Beschwerden gedacht, die nicht bis zum n\u00e4chsten Werktag warten k\u00f6nnen. Gehen Sie zun\u00e4chst einige Fragen auf dieser Website durch, um zu beurteilen, ob Sie sie kontaktieren sollten, damit Sie am schnellsten die Hilfe erhalten, die Sie ben\u00f6tigen. M\u00f6chten Sie [&hellip;]\" \/>\n<meta property=\"og:url\" content=\"https:\/\/huisartsenspoedposthkn.nl\/deutsch\/verfahren\/\" \/>\n<meta property=\"og:site_name\" content=\"HKN Huisartsenspoedpost - Deutsch\" \/>\n<meta property=\"article:modified_time\" content=\"2026-01-22T12:49:22+00:00\" \/>\n<meta property=\"og:image\" content=\"https:\/\/huisartsenspoedposthkn.nl\/deutsch\/wp-content\/uploads\/sites\/180\/2024\/11\/1-scaled.jpg\" \/>\n\t<meta property=\"og:image:width\" content=\"2560\" \/>\n\t<meta property=\"og:image:height\" content=\"1703\" \/>\n\t<meta property=\"og:image:type\" content=\"image\/jpeg\" \/>\n<meta name=\"twitter:card\" content=\"summary_large_image\" \/>\n<meta name=\"twitter:label1\" content=\"Gesch\u00e4tzte Lesezeit\" \/>\n\t<meta name=\"twitter:data1\" content=\"2\u00a0Minuten\" \/>\n<script type=\"application\/ld+json\" class=\"yoast-schema-graph\">{\"@context\":\"https:\/\/schema.org\",\"@graph\":[{\"@type\":\"WebPage\",\"@id\":\"https:\/\/huisartsenspoedposthkn.nl\/deutsch\/verfahren\/\",\"url\":\"https:\/\/huisartsenspoedposthkn.nl\/deutsch\/verfahren\/\",\"name\":\"Methode - HKN Huisartsenspoedpost - Deutsch\",\"isPartOf\":{\"@id\":\"https:\/\/huisartsenspoedposthkn.nl\/deutsch\/#website\"},\"primaryImageOfPage\":{\"@id\":\"https:\/\/huisartsenspoedposthkn.nl\/deutsch\/verfahren\/#primaryimage\"},\"image\":{\"@id\":\"https:\/\/huisartsenspoedposthkn.nl\/deutsch\/verfahren\/#primaryimage\"},\"thumbnailUrl\":\"https:\/\/huisartsenspoedposthkn.nl\/deutsch\/wp-content\/uploads\/sites\/180\/2024\/11\/1-scaled.jpg\",\"datePublished\":\"2024-10-01T10:00:44+00:00\",\"dateModified\":\"2026-01-22T12:49:22+00:00\",\"breadcrumb\":{\"@id\":\"https:\/\/huisartsenspoedposthkn.nl\/deutsch\/verfahren\/#breadcrumb\"},\"inLanguage\":\"de\",\"potentialAction\":[{\"@type\":\"ReadAction\",\"target\":[\"https:\/\/huisartsenspoedposthkn.nl\/deutsch\/verfahren\/\"]}]},{\"@type\":\"ImageObject\",\"inLanguage\":\"de\",\"@id\":\"https:\/\/huisartsenspoedposthkn.nl\/deutsch\/verfahren\/#primaryimage\",\"url\":\"https:\/\/huisartsenspoedposthkn.nl\/deutsch\/wp-content\/uploads\/sites\/180\/2024\/11\/1-scaled.jpg\",\"contentUrl\":\"https:\/\/huisartsenspoedposthkn.nl\/deutsch\/wp-content\/uploads\/sites\/180\/2024\/11\/1-scaled.jpg\",\"width\":2560,\"height\":1703},{\"@type\":\"BreadcrumbList\",\"@id\":\"https:\/\/huisartsenspoedposthkn.nl\/deutsch\/verfahren\/#breadcrumb\",\"itemListElement\":[{\"@type\":\"ListItem\",\"position\":1,\"name\":\"Home\",\"item\":\"https:\/\/huisartsenspoedposthkn.nl\/deutsch\/\"},{\"@type\":\"ListItem\",\"position\":2,\"name\":\"Verfahren\"}]},{\"@type\":\"WebSite\",\"@id\":\"https:\/\/huisartsenspoedposthkn.nl\/deutsch\/#website\",\"url\":\"https:\/\/huisartsenspoedposthkn.nl\/deutsch\/\",\"name\":\"HKN Huisartsenspoedpost - Deutsch\",\"description\":\"\",\"potentialAction\":[{\"@type\":\"SearchAction\",\"target\":{\"@type\":\"EntryPoint\",\"urlTemplate\":\"https:\/\/huisartsenspoedposthkn.nl\/deutsch\/?s={search_term_string}\"},\"query-input\":{\"@type\":\"PropertyValueSpecification\",\"valueRequired\":true,\"valueName\":\"search_term_string\"}}],\"inLanguage\":\"de\"}]}<\/script>\n<!-- \/ Yoast SEO plugin. -->","yoast_head_json":{"title":"Methode - HKN Huisartsenspoedpost - Deutsch","robots":{"index":"index","follow":"follow","max-snippet":"max-snippet:-1","max-image-preview":"max-image-preview:large","max-video-preview":"max-video-preview:-1"},"canonical":"https:\/\/huisartsenspoedposthkn.nl\/deutsch\/verfahren\/","og_locale":"de_DE","og_type":"article","og_title":"Methode - HKN Huisartsenspoedpost - Deutsch","og_description":"Du kannst nicht einfach beim GP Medical Post vorbeischauen. Die GP Medical Station ist nur f\u00fcr Beschwerden gedacht, die nicht bis zum n\u00e4chsten Werktag warten k\u00f6nnen. Gehen Sie zun\u00e4chst einige Fragen auf dieser Website durch, um zu beurteilen, ob Sie sie kontaktieren sollten, damit Sie am schnellsten die Hilfe erhalten, die Sie ben\u00f6tigen. M\u00f6chten Sie [&hellip;]","og_url":"https:\/\/huisartsenspoedposthkn.nl\/deutsch\/verfahren\/","og_site_name":"HKN Huisartsenspoedpost - Deutsch","article_modified_time":"2026-01-22T12:49:22+00:00","og_image":[{"width":2560,"height":1703,"url":"https:\/\/huisartsenspoedposthkn.nl\/deutsch\/wp-content\/uploads\/sites\/180\/2024\/11\/1-scaled.jpg","type":"image\/jpeg"}],"twitter_card":"summary_large_image","twitter_misc":{"Gesch\u00e4tzte Lesezeit":"2\u00a0Minuten"},"schema":{"@context":"https:\/\/schema.org","@graph":[{"@type":"WebPage","@id":"https:\/\/huisartsenspoedposthkn.nl\/deutsch\/verfahren\/","url":"https:\/\/huisartsenspoedposthkn.nl\/deutsch\/verfahren\/","name":"Methode - HKN Huisartsenspoedpost - Deutsch","isPartOf":{"@id":"https:\/\/huisartsenspoedposthkn.nl\/deutsch\/#website"},"primaryImageOfPage":{"@id":"https:\/\/huisartsenspoedposthkn.nl\/deutsch\/verfahren\/#primaryimage"},"image":{"@id":"https:\/\/huisartsenspoedposthkn.nl\/deutsch\/verfahren\/#primaryimage"},"thumbnailUrl":"https:\/\/huisartsenspoedposthkn.nl\/deutsch\/wp-content\/uploads\/sites\/180\/2024\/11\/1-scaled.jpg","datePublished":"2024-10-01T10:00:44+00:00","dateModified":"2026-01-22T12:49:22+00:00","breadcrumb":{"@id":"https:\/\/huisartsenspoedposthkn.nl\/deutsch\/verfahren\/#breadcrumb"},"inLanguage":"de","potentialAction":[{"@type":"ReadAction","target":["https:\/\/huisartsenspoedposthkn.nl\/deutsch\/verfahren\/"]}]},{"@type":"ImageObject","inLanguage":"de","@id":"https:\/\/huisartsenspoedposthkn.nl\/deutsch\/verfahren\/#primaryimage","url":"https:\/\/huisartsenspoedposthkn.nl\/deutsch\/wp-content\/uploads\/sites\/180\/2024\/11\/1-scaled.jpg","contentUrl":"https:\/\/huisartsenspoedposthkn.nl\/deutsch\/wp-content\/uploads\/sites\/180\/2024\/11\/1-scaled.jpg","width":2560,"height":1703},{"@type":"BreadcrumbList","@id":"https:\/\/huisartsenspoedposthkn.nl\/deutsch\/verfahren\/#breadcrumb","itemListElement":[{"@type":"ListItem","position":1,"name":"Home","item":"https:\/\/huisartsenspoedposthkn.nl\/deutsch\/"},{"@type":"ListItem","position":2,"name":"Verfahren"}]},{"@type":"WebSite","@id":"https:\/\/huisartsenspoedposthkn.nl\/deutsch\/#website","url":"https:\/\/huisartsenspoedposthkn.nl\/deutsch\/","name":"HKN Huisartsenspoedpost - Deutsch","description":"","potentialAction":[{"@type":"SearchAction","target":{"@type":"EntryPoint","urlTemplate":"https:\/\/huisartsenspoedposthkn.nl\/deutsch\/?s={search_term_string}"},"query-input":{"@type":"PropertyValueSpecification","valueRequired":true,"valueName":"search_term_string"}}],"inLanguage":"de"}]}},"_links":{"self":[{"href":"https:\/\/huisartsenspoedposthkn.nl\/deutsch\/wp-json\/wp\/v2\/pages\/54074","targetHints":{"allow":["GET"]}}],"collection":[{"href":"https:\/\/huisartsenspoedposthkn.nl\/deutsch\/wp-json\/wp\/v2\/pages"}],"about":[{"href":"https:\/\/huisartsenspoedposthkn.nl\/deutsch\/wp-json\/wp\/v2\/types\/page"}],"author":[{"embeddable":true,"href":"https:\/\/huisartsenspoedposthkn.nl\/deutsch\/wp-json\/wp\/v2\/users\/3"}],"replies":[{"embeddable":true,"href":"https:\/\/huisartsenspoedposthkn.nl\/deutsch\/wp-json\/wp\/v2\/comments?post=54074"}],"version-history":[{"count":38,"href":"https:\/\/huisartsenspoedposthkn.nl\/deutsch\/wp-json\/wp\/v2\/pages\/54074\/revisions"}],"predecessor-version":[{"id":55200,"href":"https:\/\/huisartsenspoedposthkn.nl\/deutsch\/wp-json\/wp\/v2\/pages\/54074\/revisions\/55200"}],"wp:featuredmedia":[{"embeddable":true,"href":"https:\/\/huisartsenspoedposthkn.nl\/deutsch\/wp-json\/wp\/v2\/media\/54611"}],"wp:attachment":[{"href":"https:\/\/huisartsenspoedposthkn.nl\/deutsch\/wp-json\/wp\/v2\/media?parent=54074"}],"curies":[{"name":"wp","href":"https:\/\/api.w.org\/{rel}","templated":true}]}}