{"id":54079,"date":"2024-10-01T12:04:41","date_gmt":"2024-10-01T10:04:41","guid":{"rendered":"https:\/\/hkn.mindd.dev\/?page_id=54079"},"modified":"2024-12-19T11:14:19","modified_gmt":"2024-12-19T10:14:19","slug":"datenschutzerklarung","status":"publish","type":"page","link":"https:\/\/huisartsenspoedposthkn.nl\/deutsch\/datenschutzerklarung\/","title":{"rendered":"Datenschutzerkl\u00e4rung"},"content":{"rendered":"\n<p>In unserer Datenschutzerkl\u00e4rung k\u00f6nnen Sie nachlesen, wie wir mit Ihren personenbezogenen Daten umgehen. Sie k\u00f6nnen auch nachlesen, welche Ihrer Daten wir verarbeiten und welche Rechte Sie haben.<\/p>\n\n\n\n<p>Sehen Sie sich hier unsere Datenschutzerkl\u00e4rung <a href=\"https:\/\/www.hknhuisartsen.nl\/organisatie\/privacyverklaring\/\" target=\"_blank\" rel=\"noreferrer noopener\"><strong>an<\/strong><\/a>.<\/p>\n\n\n\n<p>\n","protected":false},"excerpt":{"rendered":"<p>In unserer Datenschutzerkl\u00e4rung k\u00f6nnen Sie nachlesen, wie wir mit Ihren personenbezogenen Daten umgehen. Sie k\u00f6nnen auch nachlesen, welche Ihrer Daten wir verarbeiten und welche Rechte Sie haben. Sehen Sie sich hier unsere Datenschutzerkl\u00e4rung an.<\/p>\n","protected":false},"author":3,"featured_media":0,"parent":0,"menu_order":0,"comment_status":"closed","ping_status":"closed","template":"","meta":{"_acf_changed":false,"_trash_the_other_posts":false,"editor_notices":[],"footnotes":""},"class_list":["post-54079","page","type-page","status-publish","hentry"],"acf":[],"yoast_head":"<!-- This site is optimized with the Yoast SEO plugin v26.6 - https:\/\/yoast.com\/wordpress\/plugins\/seo\/ -->\n<title>Datenschutzerkl\u00e4rung - HKN Huisartsenspoedpost - Deutsch<\/title>\n<meta name=\"robots\" content=\"index, follow, max-snippet:-1, max-image-preview:large, max-video-preview:-1\" \/>\n<link rel=\"canonical\" href=\"https:\/\/huisartsenspoedposthkn.nl\/deutsch\/datenschutzerklarung\/\" \/>\n<meta property=\"og:locale\" content=\"de_DE\" \/>\n<meta property=\"og:type\" content=\"article\" \/>\n<meta property=\"og:title\" content=\"Datenschutzerkl\u00e4rung - HKN Huisartsenspoedpost - Deutsch\" \/>\n<meta property=\"og:description\" content=\"In unserer Datenschutzerkl\u00e4rung k\u00f6nnen Sie nachlesen, wie wir mit Ihren personenbezogenen Daten umgehen. Sie k\u00f6nnen auch nachlesen, welche Ihrer Daten wir verarbeiten und welche Rechte Sie haben. Sehen Sie sich hier unsere Datenschutzerkl\u00e4rung an.\" \/>\n<meta property=\"og:url\" content=\"https:\/\/huisartsenspoedposthkn.nl\/deutsch\/datenschutzerklarung\/\" \/>\n<meta property=\"og:site_name\" content=\"HKN Huisartsenspoedpost - Deutsch\" \/>\n<meta property=\"article:modified_time\" content=\"2024-12-19T10:14:19+00:00\" \/>\n<meta name=\"twitter:card\" content=\"summary_large_image\" \/>\n<meta name=\"twitter:label1\" content=\"Gesch\u00e4tzte Lesezeit\" \/>\n\t<meta name=\"twitter:data1\" content=\"1\u00a0Minute\" \/>\n<script type=\"application\/ld+json\" class=\"yoast-schema-graph\">{\"@context\":\"https:\/\/schema.org\",\"@graph\":[{\"@type\":\"WebPage\",\"@id\":\"https:\/\/huisartsenspoedposthkn.nl\/deutsch\/datenschutzerklarung\/\",\"url\":\"https:\/\/huisartsenspoedposthkn.nl\/deutsch\/datenschutzerklarung\/\",\"name\":\"Datenschutzerkl\u00e4rung - HKN Huisartsenspoedpost - Deutsch\",\"isPartOf\":{\"@id\":\"https:\/\/huisartsenspoedposthkn.nl\/deutsch\/#website\"},\"datePublished\":\"2024-10-01T10:04:41+00:00\",\"dateModified\":\"2024-12-19T10:14:19+00:00\",\"breadcrumb\":{\"@id\":\"https:\/\/huisartsenspoedposthkn.nl\/deutsch\/datenschutzerklarung\/#breadcrumb\"},\"inLanguage\":\"de\",\"potentialAction\":[{\"@type\":\"ReadAction\",\"target\":[\"https:\/\/huisartsenspoedposthkn.nl\/deutsch\/datenschutzerklarung\/\"]}]},{\"@type\":\"BreadcrumbList\",\"@id\":\"https:\/\/huisartsenspoedposthkn.nl\/deutsch\/datenschutzerklarung\/#breadcrumb\",\"itemListElement\":[{\"@type\":\"ListItem\",\"position\":1,\"name\":\"Home\",\"item\":\"https:\/\/huisartsenspoedposthkn.nl\/deutsch\/\"},{\"@type\":\"ListItem\",\"position\":2,\"name\":\"Datenschutzerkl\u00e4rung\"}]},{\"@type\":\"WebSite\",\"@id\":\"https:\/\/huisartsenspoedposthkn.nl\/deutsch\/#website\",\"url\":\"https:\/\/huisartsenspoedposthkn.nl\/deutsch\/\",\"name\":\"HKN Huisartsenspoedpost - Deutsch\",\"description\":\"\",\"potentialAction\":[{\"@type\":\"SearchAction\",\"target\":{\"@type\":\"EntryPoint\",\"urlTemplate\":\"https:\/\/huisartsenspoedposthkn.nl\/deutsch\/?s={search_term_string}\"},\"query-input\":{\"@type\":\"PropertyValueSpecification\",\"valueRequired\":true,\"valueName\":\"search_term_string\"}}],\"inLanguage\":\"de\"}]}<\/script>\n<!-- \/ Yoast SEO plugin. -->","yoast_head_json":{"title":"Datenschutzerkl\u00e4rung - HKN Huisartsenspoedpost - Deutsch","robots":{"index":"index","follow":"follow","max-snippet":"max-snippet:-1","max-image-preview":"max-image-preview:large","max-video-preview":"max-video-preview:-1"},"canonical":"https:\/\/huisartsenspoedposthkn.nl\/deutsch\/datenschutzerklarung\/","og_locale":"de_DE","og_type":"article","og_title":"Datenschutzerkl\u00e4rung - HKN Huisartsenspoedpost - Deutsch","og_description":"In unserer Datenschutzerkl\u00e4rung k\u00f6nnen Sie nachlesen, wie wir mit Ihren personenbezogenen Daten umgehen. Sie k\u00f6nnen auch nachlesen, welche Ihrer Daten wir verarbeiten und welche Rechte Sie haben. Sehen Sie sich hier unsere Datenschutzerkl\u00e4rung an.","og_url":"https:\/\/huisartsenspoedposthkn.nl\/deutsch\/datenschutzerklarung\/","og_site_name":"HKN Huisartsenspoedpost - Deutsch","article_modified_time":"2024-12-19T10:14:19+00:00","twitter_card":"summary_large_image","twitter_misc":{"Gesch\u00e4tzte Lesezeit":"1\u00a0Minute"},"schema":{"@context":"https:\/\/schema.org","@graph":[{"@type":"WebPage","@id":"https:\/\/huisartsenspoedposthkn.nl\/deutsch\/datenschutzerklarung\/","url":"https:\/\/huisartsenspoedposthkn.nl\/deutsch\/datenschutzerklarung\/","name":"Datenschutzerkl\u00e4rung - HKN Huisartsenspoedpost - Deutsch","isPartOf":{"@id":"https:\/\/huisartsenspoedposthkn.nl\/deutsch\/#website"},"datePublished":"2024-10-01T10:04:41+00:00","dateModified":"2024-12-19T10:14:19+00:00","breadcrumb":{"@id":"https:\/\/huisartsenspoedposthkn.nl\/deutsch\/datenschutzerklarung\/#breadcrumb"},"inLanguage":"de","potentialAction":[{"@type":"ReadAction","target":["https:\/\/huisartsenspoedposthkn.nl\/deutsch\/datenschutzerklarung\/"]}]},{"@type":"BreadcrumbList","@id":"https:\/\/huisartsenspoedposthkn.nl\/deutsch\/datenschutzerklarung\/#breadcrumb","itemListElement":[{"@type":"ListItem","position":1,"name":"Home","item":"https:\/\/huisartsenspoedposthkn.nl\/deutsch\/"},{"@type":"ListItem","position":2,"name":"Datenschutzerkl\u00e4rung"}]},{"@type":"WebSite","@id":"https:\/\/huisartsenspoedposthkn.nl\/deutsch\/#website","url":"https:\/\/huisartsenspoedposthkn.nl\/deutsch\/","name":"HKN Huisartsenspoedpost - Deutsch","description":"","potentialAction":[{"@type":"SearchAction","target":{"@type":"EntryPoint","urlTemplate":"https:\/\/huisartsenspoedposthkn.nl\/deutsch\/?s={search_term_string}"},"query-input":{"@type":"PropertyValueSpecification","valueRequired":true,"valueName":"search_term_string"}}],"inLanguage":"de"}]}},"_links":{"self":[{"href":"https:\/\/huisartsenspoedposthkn.nl\/deutsch\/wp-json\/wp\/v2\/pages\/54079","targetHints":{"allow":["GET"]}}],"collection":[{"href":"https:\/\/huisartsenspoedposthkn.nl\/deutsch\/wp-json\/wp\/v2\/pages"}],"about":[{"href":"https:\/\/huisartsenspoedposthkn.nl\/deutsch\/wp-json\/wp\/v2\/types\/page"}],"author":[{"embeddable":true,"href":"https:\/\/huisartsenspoedposthkn.nl\/deutsch\/wp-json\/wp\/v2\/users\/3"}],"replies":[{"embeddable":true,"href":"https:\/\/huisartsenspoedposthkn.nl\/deutsch\/wp-json\/wp\/v2\/comments?post=54079"}],"version-history":[{"count":3,"href":"https:\/\/huisartsenspoedposthkn.nl\/deutsch\/wp-json\/wp\/v2\/pages\/54079\/revisions"}],"predecessor-version":[{"id":55039,"href":"https:\/\/huisartsenspoedposthkn.nl\/deutsch\/wp-json\/wp\/v2\/pages\/54079\/revisions\/55039"}],"wp:attachment":[{"href":"https:\/\/huisartsenspoedposthkn.nl\/deutsch\/wp-json\/wp\/v2\/media?parent=54079"}],"curies":[{"name":"wp","href":"https:\/\/api.w.org\/{rel}","templated":true}]}}