{"id":54524,"date":"2024-11-26T14:23:25","date_gmt":"2024-11-26T13:23:25","guid":{"rendered":"https:\/\/hkn.mindd.dev\/?page_id=54524"},"modified":"2024-12-19T11:13:54","modified_gmt":"2024-12-19T10:13:54","slug":"notfall-apotheke","status":"publish","type":"page","link":"https:\/\/huisartsenspoedposthkn.nl\/deutsch\/notfall-apotheke\/","title":{"rendered":"Notfall-Apotheke"},"content":{"rendered":"\n<p>In der Regel vereinbaren Sie Ihre Wiederholungsverordnungen mit Ihrem eigenen Arzt. Nur in dringenden F\u00e4llen ist es dem diensthabenden Hausarzt m\u00f6glich, eine Wiederholungsverschreibung zu verschreiben. Der Arzt wird Ihnen gen\u00fcgend Medikamente verschreiben, um Sie bis zur n\u00e4chsten Sprechstunde Ihres eigenen Hausarztes zu versorgen. Bitte beachten Sie, dass die Apotheke au\u00dferhalb der Sprechzeiten zus\u00e4tzliche Kosten in Rechnung stellt.<\/p>\n\n\n\n<p>\n","protected":false},"excerpt":{"rendered":"<p>In der Regel vereinbaren Sie Ihre Wiederholungsverordnungen mit Ihrem eigenen Arzt. Nur in dringenden F\u00e4llen ist es dem diensthabenden Hausarzt m\u00f6glich, eine Wiederholungsverschreibung zu verschreiben. Der Arzt wird Ihnen gen\u00fcgend Medikamente verschreiben, um Sie bis zur n\u00e4chsten Sprechstunde Ihres eigenen Hausarztes zu versorgen. Bitte beachten Sie, dass die Apotheke au\u00dferhalb der Sprechzeiten zus\u00e4tzliche Kosten in [&hellip;]<\/p>\n","protected":false},"author":3,"featured_media":0,"parent":0,"menu_order":0,"comment_status":"closed","ping_status":"closed","template":"","meta":{"_acf_changed":false,"_trash_the_other_posts":false,"editor_notices":[],"footnotes":""},"class_list":["post-54524","page","type-page","status-publish","hentry"],"acf":[],"yoast_head":"<!-- This site is optimized with the Yoast SEO plugin v26.6 - https:\/\/yoast.com\/wordpress\/plugins\/seo\/ -->\n<title>Notfall-Apotheke - HKN Huisartsenspoedpost - Deutsch<\/title>\n<meta name=\"robots\" content=\"index, follow, max-snippet:-1, max-image-preview:large, max-video-preview:-1\" \/>\n<link rel=\"canonical\" href=\"https:\/\/huisartsenspoedposthkn.nl\/deutsch\/notfall-apotheke\/\" \/>\n<meta property=\"og:locale\" content=\"de_DE\" \/>\n<meta property=\"og:type\" content=\"article\" \/>\n<meta property=\"og:title\" content=\"Notfall-Apotheke - HKN Huisartsenspoedpost - Deutsch\" \/>\n<meta property=\"og:description\" content=\"In der Regel vereinbaren Sie Ihre Wiederholungsverordnungen mit Ihrem eigenen Arzt. Nur in dringenden F\u00e4llen ist es dem diensthabenden Hausarzt m\u00f6glich, eine Wiederholungsverschreibung zu verschreiben. Der Arzt wird Ihnen gen\u00fcgend Medikamente verschreiben, um Sie bis zur n\u00e4chsten Sprechstunde Ihres eigenen Hausarztes zu versorgen. Bitte beachten Sie, dass die Apotheke au\u00dferhalb der Sprechzeiten zus\u00e4tzliche Kosten in [&hellip;]\" \/>\n<meta property=\"og:url\" content=\"https:\/\/huisartsenspoedposthkn.nl\/deutsch\/notfall-apotheke\/\" \/>\n<meta property=\"og:site_name\" content=\"HKN Huisartsenspoedpost - Deutsch\" \/>\n<meta property=\"article:modified_time\" content=\"2024-12-19T10:13:54+00:00\" \/>\n<meta name=\"twitter:card\" content=\"summary_large_image\" \/>\n<meta name=\"twitter:label1\" content=\"Gesch\u00e4tzte Lesezeit\" \/>\n\t<meta name=\"twitter:data1\" content=\"1\u00a0Minute\" \/>\n<script type=\"application\/ld+json\" class=\"yoast-schema-graph\">{\"@context\":\"https:\/\/schema.org\",\"@graph\":[{\"@type\":\"WebPage\",\"@id\":\"https:\/\/huisartsenspoedposthkn.nl\/deutsch\/notfall-apotheke\/\",\"url\":\"https:\/\/huisartsenspoedposthkn.nl\/deutsch\/notfall-apotheke\/\",\"name\":\"Notfall-Apotheke - HKN Huisartsenspoedpost - Deutsch\",\"isPartOf\":{\"@id\":\"https:\/\/huisartsenspoedposthkn.nl\/deutsch\/#website\"},\"datePublished\":\"2024-11-26T13:23:25+00:00\",\"dateModified\":\"2024-12-19T10:13:54+00:00\",\"breadcrumb\":{\"@id\":\"https:\/\/huisartsenspoedposthkn.nl\/deutsch\/notfall-apotheke\/#breadcrumb\"},\"inLanguage\":\"de\",\"potentialAction\":[{\"@type\":\"ReadAction\",\"target\":[\"https:\/\/huisartsenspoedposthkn.nl\/deutsch\/notfall-apotheke\/\"]}]},{\"@type\":\"BreadcrumbList\",\"@id\":\"https:\/\/huisartsenspoedposthkn.nl\/deutsch\/notfall-apotheke\/#breadcrumb\",\"itemListElement\":[{\"@type\":\"ListItem\",\"position\":1,\"name\":\"Home\",\"item\":\"https:\/\/huisartsenspoedposthkn.nl\/deutsch\/\"},{\"@type\":\"ListItem\",\"position\":2,\"name\":\"Notfall-Apotheke\"}]},{\"@type\":\"WebSite\",\"@id\":\"https:\/\/huisartsenspoedposthkn.nl\/deutsch\/#website\",\"url\":\"https:\/\/huisartsenspoedposthkn.nl\/deutsch\/\",\"name\":\"HKN Huisartsenspoedpost - Deutsch\",\"description\":\"\",\"potentialAction\":[{\"@type\":\"SearchAction\",\"target\":{\"@type\":\"EntryPoint\",\"urlTemplate\":\"https:\/\/huisartsenspoedposthkn.nl\/deutsch\/?s={search_term_string}\"},\"query-input\":{\"@type\":\"PropertyValueSpecification\",\"valueRequired\":true,\"valueName\":\"search_term_string\"}}],\"inLanguage\":\"de\"}]}<\/script>\n<!-- \/ Yoast SEO plugin. -->","yoast_head_json":{"title":"Notfall-Apotheke - HKN Huisartsenspoedpost - Deutsch","robots":{"index":"index","follow":"follow","max-snippet":"max-snippet:-1","max-image-preview":"max-image-preview:large","max-video-preview":"max-video-preview:-1"},"canonical":"https:\/\/huisartsenspoedposthkn.nl\/deutsch\/notfall-apotheke\/","og_locale":"de_DE","og_type":"article","og_title":"Notfall-Apotheke - HKN Huisartsenspoedpost - Deutsch","og_description":"In der Regel vereinbaren Sie Ihre Wiederholungsverordnungen mit Ihrem eigenen Arzt. Nur in dringenden F\u00e4llen ist es dem diensthabenden Hausarzt m\u00f6glich, eine Wiederholungsverschreibung zu verschreiben. Der Arzt wird Ihnen gen\u00fcgend Medikamente verschreiben, um Sie bis zur n\u00e4chsten Sprechstunde Ihres eigenen Hausarztes zu versorgen. Bitte beachten Sie, dass die Apotheke au\u00dferhalb der Sprechzeiten zus\u00e4tzliche Kosten in [&hellip;]","og_url":"https:\/\/huisartsenspoedposthkn.nl\/deutsch\/notfall-apotheke\/","og_site_name":"HKN Huisartsenspoedpost - Deutsch","article_modified_time":"2024-12-19T10:13:54+00:00","twitter_card":"summary_large_image","twitter_misc":{"Gesch\u00e4tzte Lesezeit":"1\u00a0Minute"},"schema":{"@context":"https:\/\/schema.org","@graph":[{"@type":"WebPage","@id":"https:\/\/huisartsenspoedposthkn.nl\/deutsch\/notfall-apotheke\/","url":"https:\/\/huisartsenspoedposthkn.nl\/deutsch\/notfall-apotheke\/","name":"Notfall-Apotheke - HKN Huisartsenspoedpost - Deutsch","isPartOf":{"@id":"https:\/\/huisartsenspoedposthkn.nl\/deutsch\/#website"},"datePublished":"2024-11-26T13:23:25+00:00","dateModified":"2024-12-19T10:13:54+00:00","breadcrumb":{"@id":"https:\/\/huisartsenspoedposthkn.nl\/deutsch\/notfall-apotheke\/#breadcrumb"},"inLanguage":"de","potentialAction":[{"@type":"ReadAction","target":["https:\/\/huisartsenspoedposthkn.nl\/deutsch\/notfall-apotheke\/"]}]},{"@type":"BreadcrumbList","@id":"https:\/\/huisartsenspoedposthkn.nl\/deutsch\/notfall-apotheke\/#breadcrumb","itemListElement":[{"@type":"ListItem","position":1,"name":"Home","item":"https:\/\/huisartsenspoedposthkn.nl\/deutsch\/"},{"@type":"ListItem","position":2,"name":"Notfall-Apotheke"}]},{"@type":"WebSite","@id":"https:\/\/huisartsenspoedposthkn.nl\/deutsch\/#website","url":"https:\/\/huisartsenspoedposthkn.nl\/deutsch\/","name":"HKN Huisartsenspoedpost - Deutsch","description":"","potentialAction":[{"@type":"SearchAction","target":{"@type":"EntryPoint","urlTemplate":"https:\/\/huisartsenspoedposthkn.nl\/deutsch\/?s={search_term_string}"},"query-input":{"@type":"PropertyValueSpecification","valueRequired":true,"valueName":"search_term_string"}}],"inLanguage":"de"}]}},"_links":{"self":[{"href":"https:\/\/huisartsenspoedposthkn.nl\/deutsch\/wp-json\/wp\/v2\/pages\/54524","targetHints":{"allow":["GET"]}}],"collection":[{"href":"https:\/\/huisartsenspoedposthkn.nl\/deutsch\/wp-json\/wp\/v2\/pages"}],"about":[{"href":"https:\/\/huisartsenspoedposthkn.nl\/deutsch\/wp-json\/wp\/v2\/types\/page"}],"author":[{"embeddable":true,"href":"https:\/\/huisartsenspoedposthkn.nl\/deutsch\/wp-json\/wp\/v2\/users\/3"}],"replies":[{"embeddable":true,"href":"https:\/\/huisartsenspoedposthkn.nl\/deutsch\/wp-json\/wp\/v2\/comments?post=54524"}],"version-history":[{"count":3,"href":"https:\/\/huisartsenspoedposthkn.nl\/deutsch\/wp-json\/wp\/v2\/pages\/54524\/revisions"}],"predecessor-version":[{"id":55023,"href":"https:\/\/huisartsenspoedposthkn.nl\/deutsch\/wp-json\/wp\/v2\/pages\/54524\/revisions\/55023"}],"wp:attachment":[{"href":"https:\/\/huisartsenspoedposthkn.nl\/deutsch\/wp-json\/wp\/v2\/media?parent=54524"}],"curies":[{"name":"wp","href":"https:\/\/api.w.org\/{rel}","templated":true}]}}